{"id":1673,"date":"2021-11-10T17:43:33","date_gmt":"2021-11-10T17:43:33","guid":{"rendered":"http:\/\/souzef.com.br\/site\/?page_id=1673"},"modified":"2023-01-10T13:02:33","modified_gmt":"2023-01-10T13:02:33","slug":"clientes","status":"publish","type":"page","link":"https:\/\/souzef.com.br\/site\/clientes\/","title":{"rendered":"Clientes"},"content":{"rendered":"\n<style type=\"text\/css\" data-created_by=\"avia_inline_auto\" id=\"style-css-av-av_heading-aa17885f7632adfa46e9bca1c64c81dc\">\n#top .av-special-heading.av-av_heading-aa17885f7632adfa46e9bca1c64c81dc{\npadding-bottom:10px;\ncolor:#000033;\n}\nbody .av-special-heading.av-av_heading-aa17885f7632adfa46e9bca1c64c81dc .av-special-heading-tag .heading-char{\nfont-size:25px;\n}\n.av-special-heading.av-av_heading-aa17885f7632adfa46e9bca1c64c81dc .special-heading-inner-border{\nborder-color:#000033;\n}\n.av-special-heading.av-av_heading-aa17885f7632adfa46e9bca1c64c81dc .av-subheading{\nfont-size:15px;\n}\n<\/style>\n<div  class='av-special-heading av-av_heading-aa17885f7632adfa46e9bca1c64c81dc av-special-heading-h1 custom-color-heading blockquote classic-quote  avia-builder-el-0  el_before_av_one_half  avia-builder-el-first '><h1 class='av-special-heading-tag'  itemprop=\"headline\"  >Principais Clientes<\/h1><div class=\"special-heading-border\"><div class=\"special-heading-inner-border\"><\/div><\/div><\/div>\n\n<style type=\"text\/css\" data-created_by=\"avia_inline_auto\" id=\"style-css-av-av_one_half-6126cab7d8fab8d08143dd2dacdf673c\">\n.flex_column.av-av_one_half-6126cab7d8fab8d08143dd2dacdf673c{\n-webkit-border-radius:0px 0px 0px 0px;\n-moz-border-radius:0px 0px 0px 0px;\nborder-radius:0px 0px 0px 0px;\npadding:0px 0px 0px 0px;\n}\n<\/style>\n<div class='flex_column av-av_one_half-6126cab7d8fab8d08143dd2dacdf673c av_one_half  avia-builder-el-1  el_after_av_heading  el_before_av_one_half  first flex_column_div av-zero-column-padding '     ><p>\n<style type=\"text\/css\" data-created_by=\"avia_inline_auto\" id=\"style-css-av-av_heading-5415600299aee14227d1e2568a1bd949\">\n#top .av-special-heading.av-av_heading-5415600299aee14227d1e2568a1bd949{\npadding-bottom:10px;\ncolor:#ed9600;\n}\nbody .av-special-heading.av-av_heading-5415600299aee14227d1e2568a1bd949 .av-special-heading-tag .heading-char{\nfont-size:25px;\n}\n.av-special-heading.av-av_heading-5415600299aee14227d1e2568a1bd949 .special-heading-inner-border{\nborder-color:#ed9600;\n}\n.av-special-heading.av-av_heading-5415600299aee14227d1e2568a1bd949 .av-subheading{\nfont-size:15px;\n}\n<\/style>\n<div  class='av-special-heading av-av_heading-5415600299aee14227d1e2568a1bd949 av-special-heading-h3 custom-color-heading  avia-builder-el-2  el_before_av_textblock  avia-builder-el-first '><h3 class='av-special-heading-tag'  itemprop=\"headline\"  >Ind\u00fastrias<\/h3><div class=\"special-heading-border\"><div class=\"special-heading-inner-border\"><\/div><\/div><\/div><br \/>\n<section  class='av_textblock_section av-av_textblock-396ddf1f42196ca838231e61a4602801'  itemscope=\"itemscope\" itemtype=\"https:\/\/schema.org\/CreativeWork\" ><div class='avia_textblock'  itemprop=\"text\" ><ul>\n<li>AGCO DO BRASIL SOLU\u00c7\u00d5ES AGR\u00cdCOLAS LTDA<\/li>\n<li>AGRITEC IND. DE ROLOS COMPACTADORES E BRITADORES<\/li>\n<li>BUDNY INDUSTRIA E COMERCIO<\/li>\n<li>CNH INDUSTRIAL BRASIL LTDA<\/li>\n<li>COMMERSUL INDUSTRIA E COMERCIO LTDA<\/li>\n<li>DELP ENGENHARIA MEC NICA LTDA<\/li>\n<li>DIVIMEC TECNOLOGIA IND. LTDA<\/li>\n<li>FAST INDUSTRIA E COMERCIO LTDA<\/li>\n<li>FEZER INDUSTRIA MEC NICA LTDA<\/li>\n<li>FUNDI\u00c7\u00c3O BERGER LTDA<\/li>\n<li>HACKER INDUSTRIAL LTDA<\/li>\n<li>IMPLEMENTOS AGR\u00cdCOLAS JAN S.A.<\/li>\n<li>INDUSTRIA DE MAQUINAS E IMPLEMENTOS AGR\u00cdCOLAS KF LTDA<\/li>\n<li>MADAL PALFINGER S.A.<\/li>\n<li>NG METAL\u00daRGICA S.A.<\/li>\n<li>RODIMAQ IND. E COMERCIO DE MAQUINAS AGR\u00cdCOLAS LTDA<\/li>\n<li>SEMI INDUSTRIAL LTDA<\/li>\n<li>THYSSENKRUPP INDUSTRIAL SOLUTIONS LTDA<\/li>\n<li>VENCE TUDO IND. IMPLEMENTOS AGRICOLAS<\/li>\n<\/ul>\n<\/div><\/section><\/p><\/div>\n<style type=\"text\/css\" data-created_by=\"avia_inline_auto\" id=\"style-css-av-av_one_half-0aa7055fe62c3622faec82866afbaeb2\">\n.flex_column.av-av_one_half-0aa7055fe62c3622faec82866afbaeb2{\n-webkit-border-radius:0px 0px 0px 0px;\n-moz-border-radius:0px 0px 0px 0px;\nborder-radius:0px 0px 0px 0px;\npadding:0px 0px 0px 0px;\n}\n<\/style>\n<div class='flex_column av-av_one_half-0aa7055fe62c3622faec82866afbaeb2 av_one_half  avia-builder-el-4  el_after_av_one_half  avia-builder-el-last  flex_column_div av-zero-column-padding '     ><p>\n<style type=\"text\/css\" data-created_by=\"avia_inline_auto\" id=\"style-css-av-av_heading-030fb32aecbe16e014d7375321b15380\">\n#top .av-special-heading.av-av_heading-030fb32aecbe16e014d7375321b15380{\npadding-bottom:10px;\ncolor:#ed9600;\n}\nbody .av-special-heading.av-av_heading-030fb32aecbe16e014d7375321b15380 .av-special-heading-tag .heading-char{\nfont-size:25px;\n}\n.av-special-heading.av-av_heading-030fb32aecbe16e014d7375321b15380 .special-heading-inner-border{\nborder-color:#ed9600;\n}\n.av-special-heading.av-av_heading-030fb32aecbe16e014d7375321b15380 .av-subheading{\nfont-size:15px;\n}\n<\/style>\n<div  class='av-special-heading av-av_heading-030fb32aecbe16e014d7375321b15380 av-special-heading-h3 custom-color-heading  avia-builder-el-5  el_before_av_textblock  avia-builder-el-first '><h3 class='av-special-heading-tag'  itemprop=\"headline\"  > Revendas (Lojas e Distribuidoras)<\/h3><div class=\"special-heading-border\"><div class=\"special-heading-inner-border\"><\/div><\/div><\/div><br \/>\n<section  class='av_textblock_section av-av_textblock-396ddf1f42196ca838231e61a4602801'  itemscope=\"itemscope\" itemtype=\"https:\/\/schema.org\/CreativeWork\" ><div class='avia_textblock'  itemprop=\"text\" ><ul>\n<li>AGR DISTRIBUIDORA DE PE\u00c7AS AUT. LTDA<\/li>\n<li>ATACAD\u00c3O AGRICOLA<\/li>\n<li>ANGLASA COM. DE MAQUINAS AGR\u00cdCOLAS LTDA<\/li>\n<li>BRASIL PARTS PE\u00c7AS PARA TRATORES LTDA<\/li>\n<li>BR TRATORES<\/li>\n<li>CASA DAS RETROS LTDA<\/li>\n<li>\u00a0COLONIAL<\/li>\n<li>CROMAQUINAS<\/li>\n<li>COPETRAT<\/li>\n<li>COTRIEL<\/li>\n<li>COTRIPAL<\/li>\n<li>CHAPEMAQUINAS<\/li>\n<li>FORTRAL<\/li>\n<li>GAMAPE<\/li>\n<li>GLOBAL MAQ<\/li>\n<li>GRANJA SUL<\/li>\n<li>GR TRATORES (RECH TRATORES)<\/li>\n<li>KAYSERMAQ DISTRIBUIDORA LTDA<\/li>\n<li>IKONA<\/li>\n<li>\u00a0JL PE\u00c7AS AGRICOLAS<\/li>\n<li>\u00a0LICATA<\/li>\n<li>MARAVIMAQUINAS<\/li>\n<li>MERCANTE DIESEL<\/li>\n<li>MIRINAY<\/li>\n<li>MOTORMAC<\/li>\n<li>NAZAMAQ<\/li>\n<li>PG PE\u00c7AS (RECH TRATORES)<\/li>\n<li>P.A. GUAZINA<\/li>\n<li>RAFFAELLI (I.L.R ALBINO)<\/li>\n<li>RETROTEC<\/li>\n<li>REDEPARTS DISTRIBUIDORA<\/li>\n<li>RETROPARTS<\/li>\n<li>RETIFICA MOCELLIN LTDA<\/li>\n<li>SEMPRE NOVA PE\u00c7AS AGRICOLAS<\/li>\n<li>SLC MAQUINAS LTDA<\/li>\n<li>SOCIMAQ<\/li>\n<li>TUTTO PE\u00c7AS<\/li>\n<li>TECMASTER<\/li>\n<li>TRATOR PE\u00c7AS LTDA<\/li>\n<li>TRATORSUL<\/li>\n<li>VIELMAQUINAS<\/li>\n<li>VERTICAL EMPILHADEIRAS<\/li>\n<li>UIRAPURU PE\u00c7AS E SERVI\u00c7OS LTDA<\/li>\n<li>UNYTERRA MAQUINAS AGR\u00cdCOLAS LTDA<\/li>\n<li>VANIPAR PE\u00c7AS AGRICOLAS<\/li>\n<\/ul>\n<\/div><\/section><\/p><\/div><\/p>\n","protected":false},"excerpt":{"rendered":"","protected":false},"author":1,"featured_media":0,"parent":0,"menu_order":0,"comment_status":"closed","ping_status":"closed","template":"","meta":{"footnotes":""},"class_list":["post-1673","page","type-page","status-publish","hentry"],"_links":{"self":[{"href":"https:\/\/souzef.com.br\/site\/wp-json\/wp\/v2\/pages\/1673","targetHints":{"allow":["GET"]}}],"collection":[{"href":"https:\/\/souzef.com.br\/site\/wp-json\/wp\/v2\/pages"}],"about":[{"href":"https:\/\/souzef.com.br\/site\/wp-json\/wp\/v2\/types\/page"}],"author":[{"embeddable":true,"href":"https:\/\/souzef.com.br\/site\/wp-json\/wp\/v2\/users\/1"}],"replies":[{"embeddable":true,"href":"https:\/\/souzef.com.br\/site\/wp-json\/wp\/v2\/comments?post=1673"}],"version-history":[{"count":6,"href":"https:\/\/souzef.com.br\/site\/wp-json\/wp\/v2\/pages\/1673\/revisions"}],"predecessor-version":[{"id":1703,"href":"https:\/\/souzef.com.br\/site\/wp-json\/wp\/v2\/pages\/1673\/revisions\/1703"}],"wp:attachment":[{"href":"https:\/\/souzef.com.br\/site\/wp-json\/wp\/v2\/media?parent=1673"}],"curies":[{"name":"wp","href":"https:\/\/api.w.org\/{rel}","templated":true}]}}