{"id":4,"date":"2017-06-08T18:15:10","date_gmt":"2017-06-08T18:15:10","guid":{"rendered":"http:\/\/matarazo.com.br\/?page_id=4"},"modified":"2024-03-13T12:53:08","modified_gmt":"2024-03-13T12:53:08","slug":"noticias","status":"publish","type":"page","link":"https:\/\/souzef.com.br\/site\/noticias\/","title":{"rendered":"Not\u00edcias"},"content":{"rendered":"\n<style type=\"text\/css\" data-created_by=\"avia_inline_auto\" id=\"style-css-av-av_one_full-6126cab7d8fab8d08143dd2dacdf673c\">\n.flex_column.av-av_one_full-6126cab7d8fab8d08143dd2dacdf673c{\n-webkit-border-radius:0px 0px 0px 0px;\n-moz-border-radius:0px 0px 0px 0px;\nborder-radius:0px 0px 0px 0px;\npadding:0px 0px 0px 0px;\n}\n<\/style>\n<div class='flex_column av-av_one_full-6126cab7d8fab8d08143dd2dacdf673c av_one_full  avia-builder-el-0  el_before_av_one_third  avia-builder-el-first  first flex_column_div av-zero-column-padding '     ><style type=\"text\/css\" data-created_by=\"avia_inline_auto\" id=\"style-css-av-av_image-9253904b127fb30a4ece24ee714c3481\">\n.avia-image-container.av-av_image-9253904b127fb30a4ece24ee714c3481 img.avia_image{\nbox-shadow:none;\n}\n.avia-image-container.av-av_image-9253904b127fb30a4ece24ee714c3481 .av-image-caption-overlay-center{\ncolor:#ffffff;\n}\n<\/style>\n<div  class='avia-image-container av-av_image-9253904b127fb30a4ece24ee714c3481 av-styling- avia-align-center  avia-builder-el-1  avia-builder-el-no-sibling '   itemprop=\"image\" itemscope=\"itemscope\" itemtype=\"https:\/\/schema.org\/ImageObject\" ><div class=\"avia-image-container-inner\"><div class=\"avia-image-overlay-wrap\"><img class='wp-image-1743 avia-img-lazy-loading-not-1743 avia_image ' src='https:\/\/souzef.com.br\/site\/wp-content\/uploads\/2017\/06\/sz.jpeg' alt='' title=''  height=\"1035\" width=\"1600\"  itemprop=\"thumbnailUrl\"  \/><\/div><\/div><\/div><\/div>\n<style type=\"text\/css\" data-created_by=\"avia_inline_auto\" id=\"style-css-av-av_one_third-6126cab7d8fab8d08143dd2dacdf673c\">\n.flex_column.av-av_one_third-6126cab7d8fab8d08143dd2dacdf673c{\n-webkit-border-radius:0px 0px 0px 0px;\n-moz-border-radius:0px 0px 0px 0px;\nborder-radius:0px 0px 0px 0px;\npadding:0px 0px 0px 0px;\n}\n<\/style>\n<div class='flex_column av-av_one_third-6126cab7d8fab8d08143dd2dacdf673c av_one_third  avia-builder-el-2  el_after_av_one_full  el_before_av_two_third  first flex_column_div av-zero-column-padding column-top-margin'     ><p>\n<style type=\"text\/css\" data-created_by=\"avia_inline_auto\" id=\"style-css-av-av_heading-621aa89085604101e098ab9ff4bf84a5\">\n#top .av-special-heading.av-av_heading-621aa89085604101e098ab9ff4bf84a5{\npadding-bottom:0;\ncolor:#af0000;\n}\nbody .av-special-heading.av-av_heading-621aa89085604101e098ab9ff4bf84a5 .av-special-heading-tag .heading-char{\nfont-size:25px;\n}\n.av-special-heading.av-av_heading-621aa89085604101e098ab9ff4bf84a5 .special-heading-inner-border{\nborder-color:#af0000;\n}\n.av-special-heading.av-av_heading-621aa89085604101e098ab9ff4bf84a5 .av-subheading{\nfont-size:15px;\n}\n<\/style>\n<div  class='av-special-heading av-av_heading-621aa89085604101e098ab9ff4bf84a5 av-special-heading-h3 custom-color-heading blockquote modern-quote  avia-builder-el-3  el_before_av_hr  avia-builder-el-first '><h3 class='av-special-heading-tag'  itemprop=\"headline\"  >SOUZEF Representa\u00e7\u00f5es Ltda esteve presente na AGRISHOW 2023<\/h3><div class='av_custom_color av-subheading av-subheading_below'><p>(De 01 a 05\/05\/2023)<\/p>\n<\/div><div class=\"special-heading-border\"><div class=\"special-heading-inner-border\"><\/div><\/div><\/div><br \/>\n<div  class='hr av-av_hr-dcd2069817a0e3d34ae04cad8f3443c7 hr-default  avia-builder-el-4  el_after_av_heading  el_before_av_heading '><span class='hr-inner '><span class=\"hr-inner-style\"><\/span><\/span><\/div><br \/>\n\n<style type=\"text\/css\" data-created_by=\"avia_inline_auto\" id=\"style-css-av-av_heading-d3d4912380f36aee618411ddb8fb6037\">\n#top .av-special-heading.av-av_heading-d3d4912380f36aee618411ddb8fb6037{\npadding-bottom:0;\n}\nbody .av-special-heading.av-av_heading-d3d4912380f36aee618411ddb8fb6037 .av-special-heading-tag .heading-char{\nfont-size:25px;\n}\n.av-special-heading.av-av_heading-d3d4912380f36aee618411ddb8fb6037 .av-subheading{\nfont-size:15px;\n}\n<\/style>\n<div  class='av-special-heading av-av_heading-d3d4912380f36aee618411ddb8fb6037 av-special-heading-h1 blockquote modern-quote  avia-builder-el-5  el_after_av_hr  el_before_av_image '><h1 class='av-special-heading-tag'  itemprop=\"headline\"  >Estararemos presentes na AGRISHOW 2024 <\/h1><div class='av-subheading av-subheading_below'><p>(de 29\/04 a 03\/05\/2024) em parceria com a FUNDI\u00c7\u00c3O BATATAIS.<\/p>\n<\/div><div class=\"special-heading-border\"><div class=\"special-heading-inner-border\"><\/div><\/div><\/div><br \/>\n\n<style type=\"text\/css\" data-created_by=\"avia_inline_auto\" id=\"style-css-av-av_image-f7d89bfde965764e15e1cd732c01ca34\">\n.avia-image-container.av-av_image-f7d89bfde965764e15e1cd732c01ca34 img.avia_image{\nbox-shadow:none;\n}\n.avia-image-container.av-av_image-f7d89bfde965764e15e1cd732c01ca34 .av-image-caption-overlay-center{\ncolor:#ffffff;\n}\n<\/style>\n<div  class='avia-image-container av-av_image-f7d89bfde965764e15e1cd732c01ca34 av-styling- avia-align-center  avia-builder-el-6  el_after_av_heading  avia-builder-el-last '   itemprop=\"image\" itemscope=\"itemscope\" itemtype=\"https:\/\/schema.org\/ImageObject\" ><div class=\"avia-image-container-inner\"><div class=\"avia-image-overlay-wrap\"><img class='wp-image-1685 avia-img-lazy-loading-not-1685 avia_image ' src='https:\/\/souzef.com.br\/site\/wp-content\/uploads\/2017\/06\/1618406391466.png' alt='' title=''  height=\"150\" width=\"150\"  itemprop=\"thumbnailUrl\"  \/><\/div><\/div><\/div><\/p><\/div><\/p>\n\n<style type=\"text\/css\" data-created_by=\"avia_inline_auto\" id=\"style-css-av-av_two_third-0aa7055fe62c3622faec82866afbaeb2\">\n.flex_column.av-av_two_third-0aa7055fe62c3622faec82866afbaeb2{\n-webkit-border-radius:0px 0px 0px 0px;\n-moz-border-radius:0px 0px 0px 0px;\nborder-radius:0px 0px 0px 0px;\npadding:0px 0px 0px 0px;\n}\n<\/style>\n<div class='flex_column av-av_two_third-0aa7055fe62c3622faec82866afbaeb2 av_two_third  avia-builder-el-7  el_after_av_one_third  el_before_av_hr  flex_column_div av-zero-column-padding column-top-margin'     ><style type=\"text\/css\" data-created_by=\"avia_inline_auto\" id=\"style-css-av-av_image-540bb6b0e4f80620679dc2ca37019105\">\n.avia-image-container.av-av_image-540bb6b0e4f80620679dc2ca37019105 img.avia_image{\nbox-shadow:none;\n}\n.avia-image-container.av-av_image-540bb6b0e4f80620679dc2ca37019105 .av-image-caption-overlay-center{\ncolor:#ffffff;\n}\n<\/style>\n<div  class='avia-image-container av-av_image-540bb6b0e4f80620679dc2ca37019105 av-styling- avia-align-center  avia-builder-el-8  avia-builder-el-no-sibling '   itemprop=\"image\" itemscope=\"itemscope\" itemtype=\"https:\/\/schema.org\/ImageObject\" ><div class=\"avia-image-container-inner\"><div class=\"avia-image-overlay-wrap\"><img class='wp-image-1719 avia-img-lazy-loading-not-1719 avia_image ' src='https:\/\/souzef.com.br\/site\/wp-content\/uploads\/2017\/06\/agrisouzef.jpeg' alt='' title='agrisouzef'  height=\"1000\" width=\"1000\"  itemprop=\"thumbnailUrl\"  \/><\/div><\/div><\/div><\/div><div  class='hr av-av_hr-dcd2069817a0e3d34ae04cad8f3443c7 hr-default  avia-builder-el-9  el_after_av_two_third  el_before_av_two_third '><span class='hr-inner '><span class=\"hr-inner-style\"><\/span><\/span><\/div><\/p>\n\n<style type=\"text\/css\" data-created_by=\"avia_inline_auto\" id=\"style-css-av-av_two_third-6126cab7d8fab8d08143dd2dacdf673c\">\n.flex_column.av-av_two_third-6126cab7d8fab8d08143dd2dacdf673c{\n-webkit-border-radius:0px 0px 0px 0px;\n-moz-border-radius:0px 0px 0px 0px;\nborder-radius:0px 0px 0px 0px;\npadding:0px 0px 0px 0px;\n}\n<\/style>\n<div class='flex_column av-av_two_third-6126cab7d8fab8d08143dd2dacdf673c av_two_third  avia-builder-el-10  el_after_av_hr  el_before_av_one_third  first flex_column_div av-zero-column-padding '     ><style type=\"text\/css\" data-created_by=\"avia_inline_auto\" id=\"style-css-av-av_image-a507904fef62969f2372e656eb3dacc7\">\n.avia-image-container.av-av_image-a507904fef62969f2372e656eb3dacc7 img.avia_image{\nbox-shadow:none;\n}\n.avia-image-container.av-av_image-a507904fef62969f2372e656eb3dacc7 .av-image-caption-overlay-center{\ncolor:#ffffff;\n}\n<\/style>\n<div  class='avia-image-container av-av_image-a507904fef62969f2372e656eb3dacc7 av-styling- avia-align-center  avia-builder-el-11  avia-builder-el-no-sibling '   itemprop=\"image\" itemscope=\"itemscope\" itemtype=\"https:\/\/schema.org\/ImageObject\" ><div class=\"avia-image-container-inner\"><div class=\"avia-image-overlay-wrap\"><img class='wp-image-1687 avia-img-lazy-loading-not-1687 avia_image ' src='https:\/\/souzef.com.br\/site\/wp-content\/uploads\/2017\/06\/Agrishow_NovaData_2022_SEO_PORT.jpg' alt='' title='Agrishow_NovaData_2022_SEO_PORT'  height=\"404\" width=\"1024\"  itemprop=\"thumbnailUrl\"  \/><\/div><\/div><\/div><\/div>\n\n<style type=\"text\/css\" data-created_by=\"avia_inline_auto\" id=\"style-css-av-av_one_third-0aa7055fe62c3622faec82866afbaeb2\">\n.flex_column.av-av_one_third-0aa7055fe62c3622faec82866afbaeb2{\n-webkit-border-radius:0px 0px 0px 0px;\n-moz-border-radius:0px 0px 0px 0px;\nborder-radius:0px 0px 0px 0px;\npadding:0px 0px 0px 0px;\n}\n<\/style>\n<div class='flex_column av-av_one_third-0aa7055fe62c3622faec82866afbaeb2 av_one_third  avia-builder-el-12  el_after_av_two_third  el_before_av_hr  flex_column_div av-zero-column-padding '     ><p>\n<style type=\"text\/css\" data-created_by=\"avia_inline_auto\" id=\"style-css-av-av_heading-7c1d9151a3c9f13108c94f360239f9f2\">\n#top .av-special-heading.av-av_heading-7c1d9151a3c9f13108c94f360239f9f2{\npadding-bottom:0;\n}\nbody .av-special-heading.av-av_heading-7c1d9151a3c9f13108c94f360239f9f2 .av-special-heading-tag .heading-char{\nfont-size:25px;\n}\n.av-special-heading.av-av_heading-7c1d9151a3c9f13108c94f360239f9f2 .av-subheading{\nfont-size:15px;\n}\n<\/style>\n<div  class='av-special-heading av-av_heading-7c1d9151a3c9f13108c94f360239f9f2 av-special-heading-h3 blockquote modern-quote  avia-builder-el-13  el_before_av_textblock  avia-builder-el-first '><h3 class='av-special-heading-tag'  itemprop=\"headline\"  >SOUZEF PRESENTE NA AGRISHOW 2022 de 25 a 29\/04\/2022.<\/h3><div class=\"special-heading-border\"><div class=\"special-heading-inner-border\"><\/div><\/div><\/div><br \/>\n<section  class='av_textblock_section av-av_textblock-396ddf1f42196ca838231e61a4602801'  itemscope=\"itemscope\" itemtype=\"https:\/\/schema.org\/CreativeWork\" ><div class='avia_textblock'  itemprop=\"text\" ><p>Estaremos presentes em parceria com nossas representadas!<\/p>\n<\/div><\/section><\/p><\/div>\n<div  class='hr av-av_hr-dcd2069817a0e3d34ae04cad8f3443c7 hr-default  avia-builder-el-15  el_after_av_one_third  el_before_av_heading '><span class='hr-inner '><span class=\"hr-inner-style\"><\/span><\/span><\/div>\n\n<style type=\"text\/css\" data-created_by=\"avia_inline_auto\" id=\"style-css-av-av_heading-5eb20c014d2ec1ae7e2325a8ee2a4456\">\n#top .av-special-heading.av-av_heading-5eb20c014d2ec1ae7e2325a8ee2a4456{\npadding-bottom:0;\n}\nbody .av-special-heading.av-av_heading-5eb20c014d2ec1ae7e2325a8ee2a4456 .av-special-heading-tag .heading-char{\nfont-size:25px;\n}\n.av-special-heading.av-av_heading-5eb20c014d2ec1ae7e2325a8ee2a4456 .av-subheading{\nfont-size:15px;\n}\n<\/style>\n<div  class='av-special-heading av-av_heading-5eb20c014d2ec1ae7e2325a8ee2a4456 av-special-heading-h3 blockquote modern-quote  avia-builder-el-16  el_after_av_hr  el_before_av_section  avia-builder-el-last '><h3 class='av-special-heading-tag'  itemprop=\"headline\"  >Participa\u00e7\u00e3o pela SICAL na FENAF 2013 <\/h3><div class='av-subheading av-subheading_below'><p>15\u00aa Feira Latino Americana de Fundi\u00e7\u00e3o em S\u00e3o Paulo no per\u00edodo de 15 a 18 de outubro de 2013<\/p>\n<\/div><div class=\"special-heading-border\"><div class=\"special-heading-inner-border\"><\/div><\/div><\/div>\n<\/div><\/div><\/div><!-- close content main div --><\/div><\/div><div id='av_section_1'  class='avia-section av-av_section-6a766f769484b0f31d7af9caf48af809 main_color avia-section-small avia-no-border-styling  avia-builder-el-17  el_after_av_heading  avia-builder-el-last  avia-bg-style-scroll container_wrap fullsize'  ><div class='container av-section-cont-open' ><div class='template-page content  av-content-full alpha units'><div class='post-entry post-entry-type-page post-entry-4'><div class='entry-content-wrapper clearfix'>\n\n<style type=\"text\/css\" data-created_by=\"avia_inline_auto\" id=\"style-css-av-av_image-d9571cba1c60adf4084103542f42be92\">\n.avia-image-container.av-av_image-d9571cba1c60adf4084103542f42be92 img.avia_image{\nbox-shadow:none;\n}\n.avia-image-container.av-av_image-d9571cba1c60adf4084103542f42be92 .av-image-caption-overlay-center{\ncolor:#ffffff;\n}\n<\/style>\n<div  class='avia-image-container av-av_image-d9571cba1c60adf4084103542f42be92 av-styling- avia-align-center  avia-builder-el-18  el_before_av_heading  avia-builder-el-first '   itemprop=\"image\" itemscope=\"itemscope\" itemtype=\"https:\/\/schema.org\/ImageObject\" ><div class=\"avia-image-container-inner\"><div class=\"avia-image-overlay-wrap\"><img class='wp-image-1680 avia-img-lazy-loading-not-1680 avia_image ' src='https:\/\/souzef.com.br\/site\/wp-content\/uploads\/2017\/06\/SICAL.jpg' alt='' title='SICAL FEIRA'  height=\"560\" width=\"840\"  itemprop=\"thumbnailUrl\"  \/><\/div><\/div><\/div>\n\n<style type=\"text\/css\" data-created_by=\"avia_inline_auto\" id=\"style-css-av-av_heading-a2981198d01a83af508095a6953bcfde\">\n#top .av-special-heading.av-av_heading-a2981198d01a83af508095a6953bcfde{\npadding-bottom:0;\n}\nbody .av-special-heading.av-av_heading-a2981198d01a83af508095a6953bcfde .av-special-heading-tag .heading-char{\nfont-size:25px;\n}\n.av-special-heading.av-av_heading-a2981198d01a83af508095a6953bcfde .av-subheading{\nfont-size:15px;\n}\n<\/style>\n<div  class='av-special-heading av-av_heading-a2981198d01a83af508095a6953bcfde av-special-heading-h3  avia-builder-el-19  el_after_av_image  el_before_av_image '><h3 class='av-special-heading-tag'  itemprop=\"headline\"  >Participou como expositor na feira da MERCOPAR \u2013 2011 <\/h3><div class=\"special-heading-border\"><div class=\"special-heading-inner-border\"><\/div><\/div><\/div>\n\n<style type=\"text\/css\" data-created_by=\"avia_inline_auto\" id=\"style-css-av-av_image-3d6ae014cd0caf7a93ad0def112e5e89\">\n.avia-image-container.av-av_image-3d6ae014cd0caf7a93ad0def112e5e89 img.avia_image{\nbox-shadow:none;\n}\n.avia-image-container.av-av_image-3d6ae014cd0caf7a93ad0def112e5e89 .av-image-caption-overlay-center{\ncolor:#ffffff;\n}\n<\/style>\n<div  class='avia-image-container av-av_image-3d6ae014cd0caf7a93ad0def112e5e89 av-styling- avia-align-center  avia-builder-el-20  el_after_av_heading  avia-builder-el-last '   itemprop=\"image\" itemscope=\"itemscope\" itemtype=\"https:\/\/schema.org\/ImageObject\" ><div class=\"avia-image-container-inner\"><div class=\"avia-image-overlay-wrap\"><img class='wp-image-1633 avia-img-lazy-loading-not-1633 avia_image ' src='https:\/\/souzef.com.br\/site\/wp-content\/uploads\/2019\/05\/MERCOPAR.jpg' alt='' title=''  height=\"728\" width=\"1000\"  itemprop=\"thumbnailUrl\"  \/><\/div><\/div><\/div>\n\n","protected":false},"excerpt":{"rendered":"","protected":false},"author":1,"featured_media":0,"parent":0,"menu_order":2,"comment_status":"closed","ping_status":"closed","template":"","meta":{"footnotes":""},"class_list":["post-4","page","type-page","status-publish","hentry"],"_links":{"self":[{"href":"https:\/\/souzef.com.br\/site\/wp-json\/wp\/v2\/pages\/4","targetHints":{"allow":["GET"]}}],"collection":[{"href":"https:\/\/souzef.com.br\/site\/wp-json\/wp\/v2\/pages"}],"about":[{"href":"https:\/\/souzef.com.br\/site\/wp-json\/wp\/v2\/types\/page"}],"author":[{"embeddable":true,"href":"https:\/\/souzef.com.br\/site\/wp-json\/wp\/v2\/users\/1"}],"replies":[{"embeddable":true,"href":"https:\/\/souzef.com.br\/site\/wp-json\/wp\/v2\/comments?post=4"}],"version-history":[{"count":36,"href":"https:\/\/souzef.com.br\/site\/wp-json\/wp\/v2\/pages\/4\/revisions"}],"predecessor-version":[{"id":1745,"href":"https:\/\/souzef.com.br\/site\/wp-json\/wp\/v2\/pages\/4\/revisions\/1745"}],"wp:attachment":[{"href":"https:\/\/souzef.com.br\/site\/wp-json\/wp\/v2\/media?parent=4"}],"curies":[{"name":"wp","href":"https:\/\/api.w.org\/{rel}","templated":true}]}}